{"id":3,"date":"2023-09-26T20:37:17","date_gmt":"2023-09-26T20:37:17","guid":{"rendered":"https:\/\/dbo.prestatairewordpress.com\/?page_id=3"},"modified":"2025-01-24T16:25:01","modified_gmt":"2025-01-24T16:25:01","slug":"mentions-legales","status":"publish","type":"page","link":"https:\/\/www.nexteo-interactive.com\/projets\/dbo\/mentions-legales\/","title":{"rendered":"Mentions L\u00e9gales"},"content":{"rendered":"\n<h2 class=\"wp-block-heading\">Qui sommes nous ? <\/h2>\n\n\n\n<p>Didier RONDEL est le fondateur de DeBoishardy Omnium \u00ab\u00a0dBo SARL\u00a0\u00bb au capital de 23000 \u20ac. Le site est disponible \u00e0 l\u2019adresse : https:\/\/dbo.fr.<\/p>\n\n\n\n<p>L&rsquo;entreprise est situ\u00e9e au 16 rue Pierre Lhomme \u00e0 Courbevoie. <\/p>\n\n\n\n<p>Siret : 407532829 00030<br>TVA intracommunautaire : FR23 407532829<br>RCS Nanterre <\/p>\n\n\n\n<p>Email : info@dbo.fr<br>Mob. : 06 82 55 06 08<\/p>\n\n\n\n<p>Le site a \u00e9t\u00e9 cr\u00e9\u00e9 en Novembre 2023 par la soci\u00e9t\u00e9 <a href=\"https:\/\/prestatairewordpress.com\" target=\"_blank\" rel=\"noopener\">prestataire de sites web &gt; PrestataireWordpress.com<\/a> en partenariat avec <a href=\"https:\/\/netskipper.fr\/\" target=\"_blank\" rel=\"noopener\">netskipper<\/a><\/p>\n\n\n\n<div style=\"height:50px\" aria-hidden=\"true\" class=\"wp-block-spacer\"><\/div>\n\n\n\n<h2 class=\"wp-block-heading\"><strong>Certificat Qualiopi<\/strong><\/h2>\n\n\n\n<p>dBo SARL, organisme de formation dispose du certificat Qualiopi t\u00e9l\u00e9chargeable <a href=\"https:\/\/dbo.fr\/wp-content\/uploads\/2025\/01\/Propiete_dbo_fr.pdf\" data-type=\"link\" data-id=\"https:\/\/dbo.fr\/wp-content\/uploads\/2024\/01\/Propiete-dbo.fr_.pdf\" target=\"_blank\" rel=\"noopener\">ici<\/a>.<\/p>\n\n\n\n<div style=\"height:50px\" aria-hidden=\"true\" class=\"wp-block-spacer\"><\/div>\n\n\n\n<h2 class=\"wp-block-heading\">Service Formation<\/h2>\n\n\n\n<p>Responsable p\u00e9dagogique : Didier Rondel<\/p>\n\n\n\n<div style=\"height:50px\" aria-hidden=\"true\" class=\"wp-block-spacer\"><\/div>\n\n\n\n<h2 class=\"wp-block-heading\">Apprenants &#8211; Situation d&rsquo;handicap :<\/h2>\n\n\n\n<figure class=\"wp-block-image size-full\"><img decoding=\"async\" width=\"205\" height=\"114\" src=\"https:\/\/dbo.fr\/wp-content\/uploads\/2023\/11\/picto-mentions.png\" alt=\"\" class=\"wp-image-979\"\/><\/figure>\n\n\n\n<p>Si vous \u00eates en situation de <strong>handicap<\/strong> nous saurons identifier avec vous et nos interlocuteurs officiels (AGEFIP &#8211; D\u00e9fi m\u00e9tiers &#8211; PRITH IDF) vos besoins et les moyens pour vous offrir une formation de qualit\u00e9. Contacter nous via le formulaire ou \u00e0 : <a href=\"mailto:info@dbo.fr\">info@dbo.fr<\/a><\/p>\n\n\n\n<div style=\"height:50px\" aria-hidden=\"true\" class=\"wp-block-spacer\"><\/div>\n\n\n\n<h2 class=\"wp-block-heading\">Droit d&rsquo;auteur : <\/h2>\n\n\n\n<p>Le titre, la conception, l&rsquo;organisation, le contenu des \u00e9l\u00e9ments sur le site ou les programmes, exercices, illustrations, images originales, tests et d&rsquo;une mani\u00e8re plus g\u00e9n\u00e9rale, tous les \u00e9l\u00e9ments et informations visualis\u00e9s ou non sur ce site restent la propri\u00e9t\u00e9 de dBo SARL et sont prot\u00e9g\u00e9s \u00e0 l&rsquo;\u00e9chelle mondiale au titre du droit d&rsquo;auteur et des marques.<br>Afin de pr\u00e9parer leurs projets de formation ou de conseil, nous autorisons les visiteurs \u00e0 copier les programmes pr\u00e9sent\u00e9s et\/ou \u00e0 les imprimer.<\/p>\n\n\n\n<p>La reproduction et la modification des programmes de formation et des tests, sans l&rsquo;autorisation \u00e9crite pr\u00e9alable de dBo, est strictement interdite et constitutive d&rsquo;une contrefa\u00e7on sanctionn\u00e9e p\u00e9nalement.<\/p>\n\n\n\n<div style=\"height:50px\" aria-hidden=\"true\" class=\"wp-block-spacer\"><\/div>\n\n\n\n<h2 class=\"wp-block-heading\">Commentaires<\/h2>\n\n\n\n<p>Lorsque les visiteurs laissent des commentaires sur le site, nous collectons les donn\u00e9es affich\u00e9es dans le formulaire de commentaires, ainsi que l&rsquo;adresse IP du visiteur et la cha\u00eene de l&rsquo;agent utilisateur du navigateur pour faciliter la d\u00e9tection du spam.<\/p>\n\n\n\n<p>Une cha\u00eene anonymis\u00e9e cr\u00e9\u00e9e \u00e0 partir de votre adresse e-mail (\u00e9galement appel\u00e9e hachage) peut \u00eatre fournie au service Gravatar pour voir si vous l&rsquo;utilisez. La politique de confidentialit\u00e9 du service Gravatar est disponible ici : https:\/\/automattic.com\/privacy\/. Apr\u00e8s validation de votre commentaire, votre photo de profil est visible publiquement \u00e0 c\u00f4t\u00e9 de votre commentaire.<\/p>\n\n\n\n<div style=\"height:50px\" aria-hidden=\"true\" class=\"wp-block-spacer\"><\/div>\n\n\n\n<h2 class=\"wp-block-heading\">Media<\/h2>\n\n\n\n<p>Si vous t\u00e9l\u00e9chargez des images sur le site Web, vous devez \u00e9viter de t\u00e9l\u00e9charger des images avec des donn\u00e9es de localisation int\u00e9gr\u00e9es (EXIF GPS) incluses.<\/p>\n\n\n\n<p>Les visiteurs du site Web peuvent t\u00e9l\u00e9charger et extraire toutes les donn\u00e9es de localisation des images sur le site Web.<\/p>\n\n\n\n<div style=\"height:50px\" aria-hidden=\"true\" class=\"wp-block-spacer\"><\/div>\n\n\n\n<h2 class=\"wp-block-heading\">Cookies<\/h2>\n\n\n\n<p>Si vous laissez un commentaire sur notre site, vous pouvez choisir d&rsquo;enregistrer votre nom, votre adresse e-mail et votre site Web dans des cookies. Ceux-ci sont pour votre commodit\u00e9 afin que vous n&rsquo;ayez pas \u00e0 remplir \u00e0 nouveau vos coordonn\u00e9es lorsque vous laissez un autre commentaire. Ces cookies dureront un an. Si vous visitez notre page de connexion, nous installerons un cookie temporaire pour d\u00e9terminer si votre navigateur accepte les cookies. <\/p>\n\n\n\n<p>Ce cookie ne contient aucune donn\u00e9e personnelle et est supprim\u00e9 lorsque vous fermez votre navigateur. Lors de votre connexion, nous mettrons \u00e9galement en place plusieurs cookies pour enregistrer vos informations de connexion et vos choix d&rsquo;affichage \u00e0 l&rsquo;\u00e9cran. Les cookies de connexion durent deux jours et les cookies d&rsquo;options d&rsquo;\u00e9cran durent un an. Si vous s\u00e9lectionnez \u00ab\u00a0Se souvenir de moi\u00a0\u00bb, votre connexion persistera pendant deux semaines. Si vous vous d\u00e9connectez de votre compte, les cookies de connexion seront supprim\u00e9s. <\/p>\n\n\n\n<p>Si vous modifiez ou publiez un article, un cookie suppl\u00e9mentaire sera enregistr\u00e9 dans votre navigateur. Ce cookie ne contient aucune donn\u00e9e personnelle et indique simplement l&rsquo;identifiant de publication de l&rsquo;article que vous venez d&rsquo;\u00e9diter. Il expire apr\u00e8s 1 jour.<\/p>\n\n\n\n<div style=\"height:50px\" aria-hidden=\"true\" class=\"wp-block-spacer\"><\/div>\n\n\n\n<h2 class=\"wp-block-heading\">Contenu int\u00e9gr\u00e9 d&rsquo;autres sites Web<\/h2>\n\n\n\n<p>Les articles de ce site peuvent inclure du contenu int\u00e9gr\u00e9 (par exemple des vid\u00e9os, des images, des articles, etc.). Le contenu int\u00e9gr\u00e9 d&rsquo;autres sites Web se comporte exactement de la m\u00eame mani\u00e8re que si le visiteur avait visit\u00e9 l&rsquo;autre site Web. <\/p>\n\n\n\n<p>Ces sites Web peuvent collecter des donn\u00e9es vous concernant, utiliser des cookies, int\u00e9grer un suivi tiers suppl\u00e9mentaire et surveiller votre interaction avec ce contenu int\u00e9gr\u00e9, y compris le suivi de votre interaction avec le contenu int\u00e9gr\u00e9 si vous avez un compte et \u00eates connect\u00e9 \u00e0 ce site Web.<\/p>\n\n\n\n<div style=\"height:50px\" aria-hidden=\"true\" class=\"wp-block-spacer\"><\/div>\n\n\n\n<h2 class=\"wp-block-heading\">Protection et acc\u00e8s aux informations \u00e0 caract\u00e8re personnel<\/h2>\n\n\n\n<p>Conform\u00e9ment \u00e0 la loi RGPD du 25 Mai 2018, le B\u00e9n\u00e9ficiaire de ou des prestations \u2013 i.e. formation ou stage &#8211; dispose d&rsquo;un droit d&rsquo;acc\u00e8s, de modification, de rectification des donn\u00e9es \u00e0 caract\u00e8re personnel le concernant. Si le B\u00e9n\u00e9ficiaire souhaite exercer ce droit, il doit en faire la demande par voie postale \u00e0 l&rsquo;adresse : dBo &#8211; Cabinet de psychoth\u00e9rapie &#8211; 16 rue Pierre Lhomme &#8211; 92400 Courbevoie. <\/p>\n\n\n\n<p>Les donn\u00e9es personnelles concernant le B\u00e9n\u00e9ficiaire seront supprim\u00e9es dans le d\u00e9lai l\u00e9gal pr\u00e9vu par la loi. En particulier, dBo conservera les donn\u00e9es li\u00e9es au travail th\u00e9rapeutique pour une p\u00e9riode n&rsquo;exc\u00e9dant pas cinq ans d\u00e8s lors que le travail a \u00e9t\u00e9 conclu par une ou trois s\u00e9ances conform\u00e9ment au cadre de travail propos\u00e9 en d\u00e9but de travail. Ce d\u00e9lai s\u2019explique dans l\u2019\u00e9ventualit\u00e9 d\u2019une reprise du travail.<\/p>\n\n\n\n<div style=\"height:50px\" aria-hidden=\"true\" class=\"wp-block-spacer\"><\/div>\n\n\n\n<h2 class=\"wp-block-heading\">Droit applicable et arbitrage<\/h2>\n\n\n\n<p>Les droits et obligations des parties aux pr\u00e9sentes sont r\u00e9gis par la Loi Fran\u00e7aise. A d\u00e9faut de r\u00e9solution amiable, le litige sera port\u00e9 devant le tribunal de commerce de Nanterre. Les stages, les formations et les programmes propos\u00e9s sur le site ne constituent pas un engagement contractuel de dBo SARL. Soucieux d&rsquo;am\u00e9liorer en permanence ses prestations d\u2019accompagnement, dBo se r\u00e9serve le droit de modifier ou d&rsquo;adapter les informations mentionn\u00e9es dans ce document.<\/p>\n\n\n\n<div style=\"height:50px\" aria-hidden=\"true\" class=\"wp-block-spacer\"><\/div>\n","protected":false},"excerpt":{"rendered":"<p>Qui sommes nous ? Didier RONDEL est le fondateur de DeBoishardy Omnium \u00ab\u00a0dBo SARL\u00a0\u00bb au capital de 23000 \u20ac. Le site est disponible \u00e0 l\u2019adresse : https:\/\/dbo.fr. L&rsquo;entreprise est situ\u00e9e au 16 rue Pierre Lhomme \u00e0 Courbevoie. Siret : 407532829 00030TVA intracommunautaire : FR23 407532829RCS Nanterre Email : info@dbo.frMob. : 06 82 55 06 08 Le site a \u00e9t\u00e9 cr\u00e9\u00e9 en Novembre 2023 par la soci\u00e9t\u00e9 prestataire de sites web[&hellip;]<\/p>\n","protected":false},"author":5,"featured_media":0,"parent":0,"menu_order":0,"comment_status":"closed","ping_status":"open","template":"","meta":{"footnotes":""},"class_list":["post-3","page","type-page","status-publish","hentry"],"_links":{"self":[{"href":"https:\/\/www.nexteo-interactive.com\/projets\/dbo\/wp-json\/wp\/v2\/pages\/3","targetHints":{"allow":["GET"]}}],"collection":[{"href":"https:\/\/www.nexteo-interactive.com\/projets\/dbo\/wp-json\/wp\/v2\/pages"}],"about":[{"href":"https:\/\/www.nexteo-interactive.com\/projets\/dbo\/wp-json\/wp\/v2\/types\/page"}],"author":[{"embeddable":true,"href":"https:\/\/www.nexteo-interactive.com\/projets\/dbo\/wp-json\/wp\/v2\/users\/5"}],"replies":[{"embeddable":true,"href":"https:\/\/www.nexteo-interactive.com\/projets\/dbo\/wp-json\/wp\/v2\/comments?post=3"}],"version-history":[{"count":3,"href":"https:\/\/www.nexteo-interactive.com\/projets\/dbo\/wp-json\/wp\/v2\/pages\/3\/revisions"}],"predecessor-version":[{"id":4199,"href":"https:\/\/www.nexteo-interactive.com\/projets\/dbo\/wp-json\/wp\/v2\/pages\/3\/revisions\/4199"}],"wp:attachment":[{"href":"https:\/\/www.nexteo-interactive.com\/projets\/dbo\/wp-json\/wp\/v2\/media?parent=3"}],"curies":[{"name":"wp","href":"https:\/\/api.w.org\/{rel}","templated":true}]}}